{"id":299,"date":"2022-09-08T22:31:30","date_gmt":"2022-09-08T20:31:30","guid":{"rendered":"https:\/\/topmymfans.com\/?page_id=299"},"modified":"2023-01-27T15:48:39","modified_gmt":"2023-01-27T14:48:39","slug":"blog","status":"publish","type":"page","link":"https:\/\/onlycreator.net\/tr\/blog\/","title":{"rendered":"Blog"},"content":{"rendered":"<div data-elementor-type=\"wp-page\" data-elementor-id=\"299\" class=\"elementor elementor-299\" data-elementor-post-type=\"page\">\n\t\t\t\t\t\t<section class=\"elementor-section elementor-top-section elementor-element elementor-element-ddf97d4 elementor-section-boxed elementor-section-height-default elementor-section-height-default\" data-id=\"ddf97d4\" data-element_type=\"section\" data-e-type=\"section\">\n\t\t\t\t\t\t<div class=\"elementor-container elementor-column-gap-default\">\n\t\t\t\t\t<div class=\"elementor-column elementor-col-100 elementor-top-column elementor-element elementor-element-aed62a2\" data-id=\"aed62a2\" data-element_type=\"column\" data-e-type=\"column\">\n\t\t\t<div class=\"elementor-widget-wrap elementor-element-populated\">\n\t\t\t\t\t\t<div class=\"elementor-element elementor-element-c08eb1f elementor-widget elementor-widget-spacer\" data-id=\"c08eb1f\" data-element_type=\"widget\" data-e-type=\"widget\" data-widget_type=\"spacer.default\">\n\t\t\t\t<div class=\"elementor-widget-container\">\n\t\t\t\t\t\t\t<div class=\"elementor-spacer\">\n\t\t\t<div class=\"elementor-spacer-inner\"><\/div>\n\t\t<\/div>\n\t\t\t\t\t\t<\/div>\n\t\t\t\t<\/div>\n\t\t\t\t<div class=\"elementor-element elementor-element-9ad8f9a elementor-widget elementor-widget-heading\" data-id=\"9ad8f9a\" data-element_type=\"widget\" data-e-type=\"widget\" data-widget_type=\"heading.default\">\n\t\t\t\t<div class=\"elementor-widget-container\">\n\t\t\t\t\t<h1 class=\"elementor-heading-title elementor-size-default\">Blog<\/h1>\t\t\t\t<\/div>\n\t\t\t\t<\/div>\n\t\t\t\t\t<\/div>\n\t\t<\/div>\n\t\t\t\t\t<\/div>\n\t\t<\/section>\n\t\t\t\t<section class=\"elementor-section elementor-top-section elementor-element elementor-element-4f7f431 elementor-section-boxed elementor-section-height-default elementor-section-height-default\" data-id=\"4f7f431\" data-element_type=\"section\" data-e-type=\"section\">\n\t\t\t\t\t\t<div class=\"elementor-container elementor-column-gap-default\">\n\t\t\t\t\t<div class=\"elementor-column elementor-col-100 elementor-top-column elementor-element elementor-element-4c6cba8\" data-id=\"4c6cba8\" data-element_type=\"column\" data-e-type=\"column\">\n\t\t\t<div class=\"elementor-widget-wrap elementor-element-populated\">\n\t\t\t\t\t\t<div class=\"elementor-element elementor-element-cc474bd elementor-widget elementor-widget-spacer\" data-id=\"cc474bd\" data-element_type=\"widget\" data-e-type=\"widget\" data-widget_type=\"spacer.default\">\n\t\t\t\t<div class=\"elementor-widget-container\">\n\t\t\t\t\t\t\t<div class=\"elementor-spacer\">\n\t\t\t<div class=\"elementor-spacer-inner\"><\/div>\n\t\t<\/div>\n\t\t\t\t\t\t<\/div>\n\t\t\t\t<\/div>\n\t\t\t\t<div class=\"elementor-element elementor-element-39961d7 elementor-widget elementor-widget-spacer\" data-id=\"39961d7\" data-element_type=\"widget\" data-e-type=\"widget\" data-widget_type=\"spacer.default\">\n\t\t\t\t<div class=\"elementor-widget-container\">\n\t\t\t\t\t\t\t<div class=\"elementor-spacer\">\n\t\t\t<div class=\"elementor-spacer-inner\"><\/div>\n\t\t<\/div>\n\t\t\t\t\t\t<\/div>\n\t\t\t\t<\/div>\n\t\t\t\t\t<\/div>\n\t\t<\/div>\n\t\t\t\t\t<\/div>\n\t\t<\/section>\n\t\t\t\t<\/div>","protected":false},"excerpt":{"rendered":"<p>Blog<\/p>","protected":false},"author":1,"featured_media":0,"parent":0,"menu_order":0,"comment_status":"closed","ping_status":"closed","template":"","meta":{"site-sidebar-layout":"no-sidebar","site-content-layout":"page-builder","ast-site-content-layout":"default","site-content-style":"default","site-sidebar-style":"default","ast-global-header-display":"","ast-banner-title-visibility":"","ast-main-header-display":"","ast-hfb-above-header-display":"","ast-hfb-below-header-display":"","ast-hfb-mobile-header-display":"","site-post-title":"disabled","ast-breadcrumbs-content":"","ast-featured-img":"disabled","footer-sml-layout":"","ast-disable-related-posts":"","theme-transparent-header-meta":"","adv-header-id-meta":"","stick-header-meta":"","header-above-stick-meta":"","header-main-stick-meta":"","header-below-stick-meta":"","astra-migrate-meta-layouts":"default","ast-page-background-enabled":"default","ast-page-background-meta":{"desktop":{"background-color":"","background-image":"","background-repeat":"repeat","background-position":"center center","background-size":"auto","background-attachment":"scroll","background-type":"","background-media":"","overlay-type":"","overlay-color":"","overlay-opacity":"","overlay-gradient":""},"tablet":{"background-color":"","background-image":"","background-repeat":"repeat","background-position":"center center","background-size":"auto","background-attachment":"scroll","background-type":"","background-media":"","overlay-type":"","overlay-color":"","overlay-opacity":"","overlay-gradient":""},"mobile":{"background-color":"","background-image":"","background-repeat":"repeat","background-position":"center center","background-size":"auto","background-attachment":"scroll","background-type":"","background-media":"","overlay-type":"","overlay-color":"","overlay-opacity":"","overlay-gradient":""}},"ast-content-background-meta":{"desktop":{"background-color":"var(--ast-global-color-5)","background-image":"","background-repeat":"repeat","background-position":"center center","background-size":"auto","background-attachment":"scroll","background-type":"","background-media":"","overlay-type":"","overlay-color":"","overlay-opacity":"","overlay-gradient":""},"tablet":{"background-color":"var(--ast-global-color-5)","background-image":"","background-repeat":"repeat","background-position":"center center","background-size":"auto","background-attachment":"scroll","background-type":"","background-media":"","overlay-type":"","overlay-color":"","overlay-opacity":"","overlay-gradient":""},"mobile":{"background-color":"var(--ast-global-color-5)","background-image":"","background-repeat":"repeat","background-position":"center center","background-size":"auto","background-attachment":"scroll","background-type":"","background-media":"","overlay-type":"","overlay-color":"","overlay-opacity":"","overlay-gradient":""}},"footnotes":""},"class_list":["post-299","page","type-page","status-publish","hentry"],"yoast_head":"<!-- This site is optimized with the Yoast SEO plugin v27.5 - https:\/\/yoast.com\/product\/yoast-seo-wordpress\/ -->\n<title>Blog<\/title>\n<meta name=\"robots\" content=\"index, follow, max-snippet:-1, max-image-preview:large, max-video-preview:-1\" \/>\n<link rel=\"canonical\" href=\"https:\/\/onlycreator.net\/tr\/blog\/\" \/>\n<meta property=\"og:locale\" content=\"tr_TR\" \/>\n<meta property=\"og:type\" content=\"article\" \/>\n<meta property=\"og:title\" content=\"Blog\" \/>\n<meta property=\"og:description\" content=\"Blog\" \/>\n<meta property=\"og:url\" content=\"https:\/\/onlycreator.net\/tr\/blog\/\" \/>\n<meta property=\"og:site_name\" content=\"OnlyFans Creator\" \/>\n<meta property=\"article:modified_time\" content=\"2023-01-27T14:48:39+00:00\" \/>\n<meta name=\"twitter:card\" content=\"summary_large_image\" \/>\n<meta name=\"twitter:label1\" content=\"Tahmini okuma s\u00fcresi\" \/>\n\t<meta name=\"twitter:data1\" content=\"4 dakika\" \/>\n<script type=\"application\/ld+json\" class=\"yoast-schema-graph\">{\"@context\":\"https:\\\/\\\/schema.org\",\"@graph\":[{\"@type\":\"WebPage\",\"@id\":\"https:\\\/\\\/onlycreator.net\\\/blog\\\/\",\"url\":\"https:\\\/\\\/onlycreator.net\\\/blog\\\/\",\"name\":\"Blog\",\"isPartOf\":{\"@id\":\"https:\\\/\\\/onlycreator.net\\\/#website\"},\"datePublished\":\"2022-09-08T20:31:30+00:00\",\"dateModified\":\"2023-01-27T14:48:39+00:00\",\"breadcrumb\":{\"@id\":\"https:\\\/\\\/onlycreator.net\\\/blog\\\/#breadcrumb\"},\"inLanguage\":\"tr\",\"potentialAction\":[{\"@type\":\"ReadAction\",\"target\":[\"https:\\\/\\\/onlycreator.net\\\/blog\\\/\"]}]},{\"@type\":\"BreadcrumbList\",\"@id\":\"https:\\\/\\\/onlycreator.net\\\/blog\\\/#breadcrumb\",\"itemListElement\":[{\"@type\":\"ListItem\",\"position\":1,\"name\":\"Accueil\",\"item\":\"https:\\\/\\\/onlycreator.net\\\/\"},{\"@type\":\"ListItem\",\"position\":2,\"name\":\"Blog\"}]},{\"@type\":\"WebSite\",\"@id\":\"https:\\\/\\\/onlycreator.net\\\/#website\",\"url\":\"https:\\\/\\\/onlycreator.net\\\/\",\"name\":\"OnlyFans Creator\",\"description\":\"\",\"publisher\":{\"@id\":\"https:\\\/\\\/onlycreator.net\\\/#organization\"},\"potentialAction\":[{\"@type\":\"SearchAction\",\"target\":{\"@type\":\"EntryPoint\",\"urlTemplate\":\"https:\\\/\\\/onlycreator.net\\\/?s={search_term_string}\"},\"query-input\":{\"@type\":\"PropertyValueSpecification\",\"valueRequired\":true,\"valueName\":\"search_term_string\"}}],\"inLanguage\":\"tr\"},{\"@type\":\"Organization\",\"@id\":\"https:\\\/\\\/onlycreator.net\\\/#organization\",\"name\":\"OnlyFans Creator\",\"url\":\"https:\\\/\\\/onlycreator.net\\\/\",\"logo\":{\"@type\":\"ImageObject\",\"inLanguage\":\"tr\",\"@id\":\"https:\\\/\\\/onlycreator.net\\\/#\\\/schema\\\/logo\\\/image\\\/\",\"url\":\"https:\\\/\\\/onlycreator.net\\\/wp-content\\\/uploads\\\/2023\\\/01\\\/logo-onlyfans.png\",\"contentUrl\":\"https:\\\/\\\/onlycreator.net\\\/wp-content\\\/uploads\\\/2023\\\/01\\\/logo-onlyfans.png\",\"width\":881,\"height\":93,\"caption\":\"OnlyFans Creator\"},\"image\":{\"@id\":\"https:\\\/\\\/onlycreator.net\\\/#\\\/schema\\\/logo\\\/image\\\/\"}}]}<\/script>\n<!-- \/ Yoast SEO plugin. -->","yoast_head_json":{"title":"Blog","robots":{"index":"index","follow":"follow","max-snippet":"max-snippet:-1","max-image-preview":"max-image-preview:large","max-video-preview":"max-video-preview:-1"},"canonical":"https:\/\/onlycreator.net\/tr\/blog\/","og_locale":"tr_TR","og_type":"article","og_title":"Blog","og_description":"Blog","og_url":"https:\/\/onlycreator.net\/tr\/blog\/","og_site_name":"OnlyFans Creator","article_modified_time":"2023-01-27T14:48:39+00:00","twitter_card":"summary_large_image","twitter_misc":{"Tahmini okuma s\u00fcresi":"4 dakika"},"schema":{"@context":"https:\/\/schema.org","@graph":[{"@type":"WebPage","@id":"https:\/\/onlycreator.net\/blog\/","url":"https:\/\/onlycreator.net\/blog\/","name":"Blog","isPartOf":{"@id":"https:\/\/onlycreator.net\/#website"},"datePublished":"2022-09-08T20:31:30+00:00","dateModified":"2023-01-27T14:48:39+00:00","breadcrumb":{"@id":"https:\/\/onlycreator.net\/blog\/#breadcrumb"},"inLanguage":"tr","potentialAction":[{"@type":"ReadAction","target":["https:\/\/onlycreator.net\/blog\/"]}]},{"@type":"BreadcrumbList","@id":"https:\/\/onlycreator.net\/blog\/#breadcrumb","itemListElement":[{"@type":"ListItem","position":1,"name":"Accueil","item":"https:\/\/onlycreator.net\/"},{"@type":"ListItem","position":2,"name":"Blog"}]},{"@type":"WebSite","@id":"https:\/\/onlycreator.net\/#website","url":"https:\/\/onlycreator.net\/","name":"OnlyFans Yarat\u0131c\u0131s\u0131","description":"","publisher":{"@id":"https:\/\/onlycreator.net\/#organization"},"potentialAction":[{"@type":"SearchAction","target":{"@type":"EntryPoint","urlTemplate":"https:\/\/onlycreator.net\/?s={search_term_string}"},"query-input":{"@type":"PropertyValueSpecification","valueRequired":true,"valueName":"search_term_string"}}],"inLanguage":"tr"},{"@type":"Organization","@id":"https:\/\/onlycreator.net\/#organization","name":"OnlyFans Yarat\u0131c\u0131s\u0131","url":"https:\/\/onlycreator.net\/","logo":{"@type":"ImageObject","inLanguage":"tr","@id":"https:\/\/onlycreator.net\/#\/schema\/logo\/image\/","url":"https:\/\/onlycreator.net\/wp-content\/uploads\/2023\/01\/logo-onlyfans.png","contentUrl":"https:\/\/onlycreator.net\/wp-content\/uploads\/2023\/01\/logo-onlyfans.png","width":881,"height":93,"caption":"OnlyFans Creator"},"image":{"@id":"https:\/\/onlycreator.net\/#\/schema\/logo\/image\/"}}]}},"_links":{"self":[{"href":"https:\/\/onlycreator.net\/tr\/wp-json\/wp\/v2\/pages\/299","targetHints":{"allow":["GET"]}}],"collection":[{"href":"https:\/\/onlycreator.net\/tr\/wp-json\/wp\/v2\/pages"}],"about":[{"href":"https:\/\/onlycreator.net\/tr\/wp-json\/wp\/v2\/types\/page"}],"author":[{"embeddable":true,"href":"https:\/\/onlycreator.net\/tr\/wp-json\/wp\/v2\/users\/1"}],"replies":[{"embeddable":true,"href":"https:\/\/onlycreator.net\/tr\/wp-json\/wp\/v2\/comments?post=299"}],"version-history":[{"count":19,"href":"https:\/\/onlycreator.net\/tr\/wp-json\/wp\/v2\/pages\/299\/revisions"}],"predecessor-version":[{"id":453,"href":"https:\/\/onlycreator.net\/tr\/wp-json\/wp\/v2\/pages\/299\/revisions\/453"}],"wp:attachment":[{"href":"https:\/\/onlycreator.net\/tr\/wp-json\/wp\/v2\/media?parent=299"}],"curies":[{"name":"wp","href":"https:\/\/api.w.org\/{rel}","templated":true}]}}